{"id":163,"date":"2022-05-06T07:46:12","date_gmt":"2022-05-06T07:46:12","guid":{"rendered":"https:\/\/traeume.museum-amden.ch\/?page_id=163"},"modified":"2022-10-13T08:25:27","modified_gmt":"2022-10-13T08:25:27","slug":"michael-gmur","status":"publish","type":"page","link":"https:\/\/traeume.museum-amden.ch\/?page_id=163","title":{"rendered":"Michael Gm\u00fcr"},"content":{"rendered":"\n<div class=\"wp-block-columns is-layout-flex wp-container-core-columns-layout-1 wp-block-columns-is-layout-flex\">\n<div class=\"wp-block-column is-vertically-aligned-center is-layout-flow wp-block-column-is-layout-flow\"><div class=\"wp-block-image icon\">\n<figure class=\"alignleft size-large is-resized\"><img loading=\"lazy\" decoding=\"async\" src=\"https:\/\/traeume.museum-amden.ch\/wp-content\/uploads\/2022\/05\/video-1.svg\" alt=\"\" class=\"wp-image-138\" width=\"40\" height=\"40\"\/><\/figure><\/div>\n\n\n<p class=\"has-nv-text-dark-bg-color has-text-color\" style=\"font-size:18px\">Michael Gm\u00fcr<\/p>\n<\/div>\n\n\n\n<div class=\"wp-block-column is-vertically-aligned-center is-layout-flow wp-block-column-is-layout-flow\"><div class=\"wp-block-image iconWhite\">\n<figure class=\"alignright size-large is-resized\"><a href=\"https:\/\/traeume.museum-amden.ch\/\"><img loading=\"lazy\" decoding=\"async\" src=\"https:\/\/natur.museum-amden.ch\/wp-content\/uploads\/2022\/03\/back.svg\" alt=\"\" class=\"wp-image-293\" width=\"40\" height=\"40\"\/><\/a><\/figure><\/div>\n\n\n<p class=\"has-text-align-right has-nv-text-dark-bg-color has-text-color\" style=\"font-size:18px\"><a href=\"https:\/\/traeume.museum-amden.ch\/\">zur\u00fcck<\/a> <\/p>\n<\/div>\n<\/div>\n\n\n\n<div style=\"height:200px\" aria-hidden=\"true\" class=\"wp-block-spacer\"><\/div>\n\n\n\n<div class=\"wp-block-columns video is-layout-flex wp-container-core-columns-layout-2 wp-block-columns-is-layout-flex\">\n<div class=\"wp-block-column is-layout-flow wp-block-column-is-layout-flow\">\n<figure class=\"wp-block-embed is-type-video is-provider-vimeo wp-block-embed-vimeo wp-embed-aspect-16-9 wp-has-aspect-ratio\"><div class=\"wp-block-embed__wrapper\">\n<div class=\"nv-iframe-embed\"><iframe loading=\"lazy\" title=\"Mhisky erz&amp;auml;hlt &amp;hellip;\" src=\"https:\/\/player.vimeo.com\/video\/706901250?h=10d1793520&amp;dnt=1&amp;app_id=122963\" width=\"1200\" height=\"675\" frameborder=\"0\" allow=\"autoplay; fullscreen; picture-in-picture\" allowfullscreen><\/iframe><\/div>\n<\/div><\/figure>\n\n\n\n<p>Michael erz\u00e4hlt \u2026<\/p>\n<\/div>\n\n\n\n<div class=\"wp-block-column is-layout-flow wp-block-column-is-layout-flow\">\n<figure class=\"wp-block-embed is-type-video is-provider-vimeo wp-block-embed-vimeo wp-embed-aspect-16-9 wp-has-aspect-ratio\"><div class=\"wp-block-embed__wrapper\">\n<div class=\"nv-iframe-embed\"><iframe loading=\"lazy\" src=\"https:\/\/player.vimeo.com\/video\/711199540?h=569b6efbb1&amp;dnt=1&amp;app_id=122963\" width=\"1200\" height=\"675\" frameborder=\"0\" allow=\"autoplay; fullscreen; picture-in-picture\" allowfullscreen><\/iframe><\/div>\n<\/div><\/figure>\n\n\n\n<p>Mhisky &#8211; Dorfkind<\/p>\n<\/div>\n<\/div>\n\n\n\n<p><\/p>\n","protected":false},"excerpt":{"rendered":"<p>Michael Gm\u00fcr zur\u00fcck Michael erz\u00e4hlt \u2026 Mhisky &#8211; Dorfkind<\/p>\n","protected":false},"author":2,"featured_media":0,"parent":0,"menu_order":0,"comment_status":"closed","ping_status":"closed","template":"","meta":{"inline_featured_image":false,"neve_meta_sidebar":"","neve_meta_container":"contained","neve_meta_enable_content_width":"","neve_meta_content_width":0,"neve_meta_title_alignment":"","neve_meta_author_avatar":"","neve_post_elements_order":"","neve_meta_disable_header":"on","neve_meta_disable_footer":"on","neve_meta_disable_title":"on","footnotes":""},"_links":{"self":[{"href":"https:\/\/traeume.museum-amden.ch\/index.php?rest_route=\/wp\/v2\/pages\/163"}],"collection":[{"href":"https:\/\/traeume.museum-amden.ch\/index.php?rest_route=\/wp\/v2\/pages"}],"about":[{"href":"https:\/\/traeume.museum-amden.ch\/index.php?rest_route=\/wp\/v2\/types\/page"}],"author":[{"embeddable":true,"href":"https:\/\/traeume.museum-amden.ch\/index.php?rest_route=\/wp\/v2\/users\/2"}],"replies":[{"embeddable":true,"href":"https:\/\/traeume.museum-amden.ch\/index.php?rest_route=%2Fwp%2Fv2%2Fcomments&post=163"}],"version-history":[{"count":9,"href":"https:\/\/traeume.museum-amden.ch\/index.php?rest_route=\/wp\/v2\/pages\/163\/revisions"}],"predecessor-version":[{"id":202,"href":"https:\/\/traeume.museum-amden.ch\/index.php?rest_route=\/wp\/v2\/pages\/163\/revisions\/202"}],"wp:attachment":[{"href":"https:\/\/traeume.museum-amden.ch\/index.php?rest_route=%2Fwp%2Fv2%2Fmedia&parent=163"}],"curies":[{"name":"wp","href":"https:\/\/api.w.org\/{rel}","templated":true}]}}