{"id":6,"date":"2022-03-31T12:51:08","date_gmt":"2022-03-31T12:51:08","guid":{"rendered":"https:\/\/traeume.museum-amden.ch\/?page_id=6"},"modified":"2022-10-12T15:21:17","modified_gmt":"2022-10-12T15:21:17","slug":"home","status":"publish","type":"page","link":"https:\/\/traeume.museum-amden.ch\/","title":{"rendered":"Startseite"},"content":{"rendered":"\n<div class=\"wp-block-columns is-layout-flex wp-container-core-columns-layout-1 wp-block-columns-is-layout-flex\">\n<div class=\"wp-block-column is-layout-flow wp-block-column-is-layout-flow\"><div class=\"wp-block-image\">\n<figure class=\"alignright size-large popmake-56\" id=\"iconWhite\"><img decoding=\"async\" src=\"https:\/\/natur.museum-amden.ch\/wp-content\/uploads\/2022\/03\/info.svg\" alt=\"\" class=\"wp-image-311\"\/><\/figure><\/div><\/div>\n<\/div>\n\n\n\n<div style=\"height:175px\" aria-hidden=\"true\" class=\"wp-block-spacer\"><\/div>\n\n\n\n<div class=\"wp-block-columns is-layout-flex wp-container-core-columns-layout-2 wp-block-columns-is-layout-flex\">\n<div class=\"wp-block-column is-layout-flow wp-block-column-is-layout-flow\"><div class=\"wp-block-image is-style-rounded\">\n<figure class=\"aligncenter size-full is-resized\"><a href=\"https:\/\/traeume.museum-amden.ch\/?page_id=163\"><img loading=\"lazy\" decoding=\"async\" src=\"https:\/\/traeume.museum-amden.ch\/wp-content\/uploads\/2022\/03\/Michael-Gmu\u0308r.jpg\" alt=\"\" class=\"wp-image-71\" width=\"300\" height=\"300\" srcset=\"https:\/\/traeume.museum-amden.ch\/wp-content\/uploads\/2022\/03\/Michael-Gmu\u0308r.jpg 500w, https:\/\/traeume.museum-amden.ch\/wp-content\/uploads\/2022\/03\/Michael-Gmu\u0308r-300x300.jpg 300w, https:\/\/traeume.museum-amden.ch\/wp-content\/uploads\/2022\/03\/Michael-Gmu\u0308r-150x150.jpg 150w\" sizes=\"(max-width: 300px) 100vw, 300px\" \/><\/a><\/figure><\/div>\n\n\n<p class=\"has-text-align-center has-nv-text-dark-bg-color has-text-color\">Michael Gm\u00fcr<\/p>\n<\/div>\n\n\n\n<div class=\"wp-block-column is-layout-flow wp-block-column-is-layout-flow\"><div class=\"wp-block-image is-style-rounded\">\n<figure class=\"aligncenter size-full is-resized\"><a href=\"https:\/\/traeume.museum-amden.ch\/?page_id=77\"><img loading=\"lazy\" decoding=\"async\" src=\"https:\/\/traeume.museum-amden.ch\/wp-content\/uploads\/2022\/03\/Sarah-Elena-Mu\u0308ller.jpg\" alt=\"\" class=\"wp-image-73\" width=\"300\" height=\"300\" srcset=\"https:\/\/traeume.museum-amden.ch\/wp-content\/uploads\/2022\/03\/Sarah-Elena-Mu\u0308ller.jpg 500w, https:\/\/traeume.museum-amden.ch\/wp-content\/uploads\/2022\/03\/Sarah-Elena-Mu\u0308ller-300x300.jpg 300w, https:\/\/traeume.museum-amden.ch\/wp-content\/uploads\/2022\/03\/Sarah-Elena-Mu\u0308ller-150x150.jpg 150w\" sizes=\"(max-width: 300px) 100vw, 300px\" \/><\/a><\/figure><\/div>\n\n\n<p class=\"has-text-align-center has-nv-text-dark-bg-color has-text-color\">Sarah Elena M\u00fcller<\/p>\n<\/div>\n\n\n\n<div class=\"wp-block-column is-layout-flow wp-block-column-is-layout-flow\"><div class=\"wp-block-image is-style-rounded\">\n<figure class=\"aligncenter size-large is-resized\"><a href=\"https:\/\/traeume.museum-amden.ch\/?page_id=135\"><img loading=\"lazy\" decoding=\"async\" src=\"https:\/\/traeume.museum-amden.ch\/wp-content\/uploads\/2022\/05\/DSC_1388-edited-1.jpg\" alt=\"\" class=\"wp-image-132\" width=\"300\" height=\"300\" srcset=\"https:\/\/traeume.museum-amden.ch\/wp-content\/uploads\/2022\/05\/DSC_1388-edited-1.jpg 1279w, https:\/\/traeume.museum-amden.ch\/wp-content\/uploads\/2022\/05\/DSC_1388-edited-1-300x300.jpg 300w, https:\/\/traeume.museum-amden.ch\/wp-content\/uploads\/2022\/05\/DSC_1388-edited-1-1024x1024.jpg 1024w, https:\/\/traeume.museum-amden.ch\/wp-content\/uploads\/2022\/05\/DSC_1388-edited-1-150x150.jpg 150w, https:\/\/traeume.museum-amden.ch\/wp-content\/uploads\/2022\/05\/DSC_1388-edited-1-768x768.jpg 768w\" sizes=\"(max-width: 300px) 100vw, 300px\" \/><\/a><\/figure><\/div>\n\n\n<p class=\"has-text-align-center has-nv-text-dark-bg-color has-text-color\">Peter Gm\u00fcr<\/p>\n<\/div>\n<\/div>\n\n\n\n<div style=\"height:150px\" aria-hidden=\"true\" class=\"wp-block-spacer\"><\/div>\n\n\n<div class=\"wp-block-image casino\">\n<figure class=\"alignleft size-full is-resized\"><img decoding=\"async\" src=\"https:\/\/traeume.museum-amden.ch\/wp-content\/uploads\/2022\/05\/CBR_Foerderstiftung_RGB-1.png\" alt=\"\" class=\"wp-image-177\" width=\"120\" srcset=\"https:\/\/traeume.museum-amden.ch\/wp-content\/uploads\/2022\/05\/CBR_Foerderstiftung_RGB-1.png 842w, https:\/\/traeume.museum-amden.ch\/wp-content\/uploads\/2022\/05\/CBR_Foerderstiftung_RGB-1-300x212.png 300w, https:\/\/traeume.museum-amden.ch\/wp-content\/uploads\/2022\/05\/CBR_Foerderstiftung_RGB-1-768x543.png 768w\" sizes=\"(max-width: 842px) 100vw, 842px\" \/><\/figure><\/div>\n\n\n<p class=\"has-nv-text-dark-bg-color has-text-color has-small-font-size\"><em>gesponsert durch die Casino Bad Ragaz F\u00f6rderstiftung<\/em><\/p>\n","protected":false},"excerpt":{"rendered":"<p>Michael Gm\u00fcr Sarah Elena M\u00fcller Peter Gm\u00fcr gesponsert durch die Casino Bad Ragaz F\u00f6rderstiftung<\/p>\n","protected":false},"author":1,"featured_media":0,"parent":0,"menu_order":0,"comment_status":"closed","ping_status":"closed","template":"","meta":{"inline_featured_image":false,"neve_meta_sidebar":"","neve_meta_container":"contained","neve_meta_enable_content_width":"off","neve_meta_content_width":100,"neve_meta_title_alignment":"","neve_meta_author_avatar":"","neve_post_elements_order":"","neve_meta_disable_header":"on","neve_meta_disable_footer":"on","neve_meta_disable_title":"on","footnotes":""},"_links":{"self":[{"href":"https:\/\/traeume.museum-amden.ch\/index.php?rest_route=\/wp\/v2\/pages\/6"}],"collection":[{"href":"https:\/\/traeume.museum-amden.ch\/index.php?rest_route=\/wp\/v2\/pages"}],"about":[{"href":"https:\/\/traeume.museum-amden.ch\/index.php?rest_route=\/wp\/v2\/types\/page"}],"author":[{"embeddable":true,"href":"https:\/\/traeume.museum-amden.ch\/index.php?rest_route=\/wp\/v2\/users\/1"}],"replies":[{"embeddable":true,"href":"https:\/\/traeume.museum-amden.ch\/index.php?rest_route=%2Fwp%2Fv2%2Fcomments&post=6"}],"version-history":[{"count":25,"href":"https:\/\/traeume.museum-amden.ch\/index.php?rest_route=\/wp\/v2\/pages\/6\/revisions"}],"predecessor-version":[{"id":201,"href":"https:\/\/traeume.museum-amden.ch\/index.php?rest_route=\/wp\/v2\/pages\/6\/revisions\/201"}],"wp:attachment":[{"href":"https:\/\/traeume.museum-amden.ch\/index.php?rest_route=%2Fwp%2Fv2%2Fmedia&parent=6"}],"curies":[{"name":"wp","href":"https:\/\/api.w.org\/{rel}","templated":true}]}}